{"id":3725,"date":"2024-11-06T14:30:00","date_gmt":"2024-11-06T13:30:00","guid":{"rendered":"https:\/\/www.eotechs.eu\/prodotti\/"},"modified":"2024-12-13T15:51:31","modified_gmt":"2024-12-13T14:51:31","slug":"produkte","status":"publish","type":"page","link":"https:\/\/www.eotechs.eu\/de\/produkte\/","title":{"rendered":"Produkte"},"content":{"rendered":"\t\t<div data-elementor-type=\"wp-page\" data-elementor-id=\"3725\" class=\"elementor elementor-3725 elementor-64\" data-elementor-post-type=\"page\">\n\t\t\t\t<div class=\"elementor-element elementor-element-a99c2c2 e-flex e-con-boxed e-con e-parent\" data-id=\"a99c2c2\" data-element_type=\"container\" data-e-type=\"container\" data-settings=\"{&quot;background_background&quot;:&quot;classic&quot;}\">\n\t\t\t\t\t<div class=\"e-con-inner\">\n\t\t\t\t<div class=\"elementor-element elementor-element-ac34d18 elementor-widget elementor-widget-heading\" data-id=\"ac34d18\" data-element_type=\"widget\" data-e-type=\"widget\" data-widget_type=\"heading.default\">\n\t\t\t\t<div class=\"elementor-widget-container\">\n\t\t\t\t\t<h2 class=\"elementor-heading-title elementor-size-default\">Produkte<\/h2>\t\t\t\t<\/div>\n\t\t\t\t<\/div>\n\t\t\t\t<div class=\"elementor-element elementor-element-d187afa elementor-widget elementor-widget-heading\" data-id=\"d187afa\" data-element_type=\"widget\" data-e-type=\"widget\" data-widget_type=\"heading.default\">\n\t\t\t\t<div class=\"elementor-widget-container\">\n\t\t\t\t\t<h3 class=\"elementor-heading-title elementor-size-default\">Produktion und Vertrieb technischer Gummi-, Silikon- und Kunststoffprodukte<\/h3>\t\t\t\t<\/div>\n\t\t\t\t<\/div>\n\t\t\t\t<div class=\"elementor-element elementor-element-cc861b8 elementor-widget elementor-widget-breadcrumbs\" data-id=\"cc861b8\" data-element_type=\"widget\" data-e-type=\"widget\" data-widget_type=\"breadcrumbs.default\">\n\t\t\t\t<div class=\"elementor-widget-container\">\n\t\t\t\t\t<p id=\"breadcrumbs\"><span><span><a href=\"https:\/\/www.eotechs.eu\/de\/\">Home<\/a><\/span><\/span><\/p>\t\t\t\t<\/div>\n\t\t\t\t<\/div>\n\t\t\t\t\t<\/div>\n\t\t\t\t<\/div>\n\t\t\t\t<section class=\"elementor-section elementor-top-section elementor-element elementor-element-feb6dc4 elementor-section-boxed elementor-section-height-default elementor-section-height-default\" data-id=\"feb6dc4\" data-element_type=\"section\" data-e-type=\"section\">\n\t\t\t\t\t\t<div class=\"elementor-container elementor-column-gap-no\">\n\t\t\t\t\t<div class=\"elementor-column elementor-col-100 elementor-top-column elementor-element elementor-element-66cccc5\" data-id=\"66cccc5\" data-element_type=\"column\" data-e-type=\"column\">\n\t\t\t<div class=\"elementor-widget-wrap elementor-element-populated\">\n\t\t\t\t\t\t<div class=\"elementor-element elementor-element-897f902 elementor-widget elementor-widget-portfolio_noxiy\" data-id=\"897f902\" data-element_type=\"widget\" data-e-type=\"widget\" data-widget_type=\"portfolio_noxiy.default\">\n\t\t\t\t<div class=\"elementor-widget-container\">\n\t\t\t\t\t\r\n        \r\n        \r\n        \r\n        <!-- Portfolio Area Start -->\r\n\t<div class=\"portfolio__three-page\">\r\n        <div class=\"container\">\r\n\t\t<div class=\"row\">\r\n            \t\t\t\t<div class=\"col-xl-6 col-lg-6\">\r\n\t\t\t\t\t<div class=\"portfolio__two-item\">\r\n\t\t\t\t\t\t<div class=\"portfolio__two-item-image\">\r\n\t\t\t\t\t\t\t<img decoding=\"async\" src=\"https:\/\/www.eotechs.eu\/wp-content\/uploads\/2024\/10\/1684920392298_EUROMEGA_tubi-rigidi-scaled.jpg\" alt=\"Gummi-Industrieschl\u00e4uche\">\r\n\t\t\t\t\t\t\t<div class=\"portfolio__two-item-image-content\">\r\n\t\t\t\t\t\t\t\t<a href=\"https:\/\/www.eotechs.eu\/de\/produkte\/gummi-industrieschlaeuche\/\"><i class=\"fab fa-product-hunt\"><\/i><\/a>\r\n\t\t\t\t\t\t\t\t<span><\/span>\r\n\t\t\t\t\t\t\t\t<h4><a href=\"https:\/\/www.eotechs.eu\/de\/produkte\/gummi-industrieschlaeuche\/\">Gummi-Industrieschl\u00e4uche<\/a><\/h4>\r\n\t\t\t\t\t\t\t<\/div>\r\n\t\t\t\t\t\t<\/div>\r\n\t\t\t\t\t<\/div>\r\n\t\t\t\t<\/div>\r\n                \t\t\t\t<div class=\"col-xl-6 col-lg-6\">\r\n\t\t\t\t\t<div class=\"portfolio__two-item\">\r\n\t\t\t\t\t\t<div class=\"portfolio__two-item-image\">\r\n\t\t\t\t\t\t\t<img decoding=\"async\" src=\"https:\/\/www.eotechs.eu\/wp-content\/uploads\/2024\/10\/1684920391783_EUROMEGA_tubi-colorati-scaled.jpg\" alt=\"Kunststoff-Industrieschl\u00e4uche\">\r\n\t\t\t\t\t\t\t<div class=\"portfolio__two-item-image-content\">\r\n\t\t\t\t\t\t\t\t<a href=\"https:\/\/www.eotechs.eu\/de\/produkte\/kunststoff-industrieschlaeuche\"><i class=\"fab fa-product-hunt\"><\/i><\/a>\r\n\t\t\t\t\t\t\t\t<span><\/span>\r\n\t\t\t\t\t\t\t\t<h4><a href=\"https:\/\/www.eotechs.eu\/de\/produkte\/kunststoff-industrieschlaeuche\">Kunststoff-Industrieschl\u00e4uche<\/a><\/h4>\r\n\t\t\t\t\t\t\t<\/div>\r\n\t\t\t\t\t\t<\/div>\r\n\t\t\t\t\t<\/div>\r\n\t\t\t\t<\/div>\r\n                \t\t\t\t<div class=\"col-xl-6 col-lg-6\">\r\n\t\t\t\t\t<div class=\"portfolio__two-item\">\r\n\t\t\t\t\t\t<div class=\"portfolio__two-item-image\">\r\n\t\t\t\t\t\t\t<img decoding=\"async\" src=\"https:\/\/www.eotechs.eu\/wp-content\/uploads\/2024\/10\/EUROMEGA_isolati-neri-scaled.jpg\" alt=\"Gummi-Form und Extrusionsteile\">\r\n\t\t\t\t\t\t\t<div class=\"portfolio__two-item-image-content\">\r\n\t\t\t\t\t\t\t\t<a href=\"https:\/\/www.eotechs.eu\/de\/produkte\/gummi-form-und-extrusionsteile\"><i class=\"fab fa-product-hunt\"><\/i><\/a>\r\n\t\t\t\t\t\t\t\t<span><\/span>\r\n\t\t\t\t\t\t\t\t<h4><a href=\"https:\/\/www.eotechs.eu\/de\/produkte\/gummi-form-und-extrusionsteile\">Gummi-Form und Extrusionsteile<\/a><\/h4>\r\n\t\t\t\t\t\t\t<\/div>\r\n\t\t\t\t\t\t<\/div>\r\n\t\t\t\t\t<\/div>\r\n\t\t\t\t<\/div>\r\n                \t\t\t\t<div class=\"col-xl-6 col-lg-6\">\r\n\t\t\t\t\t<div class=\"portfolio__two-item\">\r\n\t\t\t\t\t\t<div class=\"portfolio__two-item-image\">\r\n\t\t\t\t\t\t\t<img decoding=\"async\" src=\"https:\/\/www.eotechs.eu\/wp-content\/uploads\/2024\/10\/EUROMEGA_manicotti-neri-scaled.jpg\" alt=\"Gummi-Formschl\u00e4uche \">\r\n\t\t\t\t\t\t\t<div class=\"portfolio__two-item-image-content\">\r\n\t\t\t\t\t\t\t\t<a href=\"https:\/\/www.eotechs.eu\/de\/produkte\/gummi-formschlaeuche\/\"><i class=\"fab fa-product-hunt\"><\/i><\/a>\r\n\t\t\t\t\t\t\t\t<span><\/span>\r\n\t\t\t\t\t\t\t\t<h4><a href=\"https:\/\/www.eotechs.eu\/de\/produkte\/gummi-formschlaeuche\/\">Gummi-Formschl\u00e4uche <\/a><\/h4>\r\n\t\t\t\t\t\t\t<\/div>\r\n\t\t\t\t\t\t<\/div>\r\n\t\t\t\t\t<\/div>\r\n\t\t\t\t<\/div>\r\n                \t\t\t\t<div class=\"col-xl-6 col-lg-6\">\r\n\t\t\t\t\t<div class=\"portfolio__two-item\">\r\n\t\t\t\t\t\t<div class=\"portfolio__two-item-image\">\r\n\t\t\t\t\t\t\t<img decoding=\"async\" src=\"https:\/\/www.eotechs.eu\/wp-content\/uploads\/2024\/10\/EUROMEGA_raccordi-scaled.jpg\" alt=\"Silikon-Formschl\u00e4uche auf Dorn gewickelt\">\r\n\t\t\t\t\t\t\t<div class=\"portfolio__two-item-image-content\">\r\n\t\t\t\t\t\t\t\t<a href=\"https:\/\/www.eotechs.eu\/de\/produkte\/silikon-formschlaeuche-auf-dorn-gewickelt\/\"><i class=\"fab fa-product-hunt\"><\/i><\/a>\r\n\t\t\t\t\t\t\t\t<span><\/span>\r\n\t\t\t\t\t\t\t\t<h4><a href=\"https:\/\/www.eotechs.eu\/de\/produkte\/silikon-formschlaeuche-auf-dorn-gewickelt\/\">Silikon-Formschl\u00e4uche auf Dorn gewickelt<\/a><\/h4>\r\n\t\t\t\t\t\t\t<\/div>\r\n\t\t\t\t\t\t<\/div>\r\n\t\t\t\t\t<\/div>\r\n\t\t\t\t<\/div>\r\n                \t\t\t\t<div class=\"col-xl-6 col-lg-6\">\r\n\t\t\t\t\t<div class=\"portfolio__two-item\">\r\n\t\t\t\t\t\t<div class=\"portfolio__two-item-image\">\r\n\t\t\t\t\t\t\t<img decoding=\"async\" src=\"https:\/\/www.eotechs.eu\/wp-content\/uploads\/2024\/10\/EUROMEGA_valvole-e-raccordi-scaled.jpg\" alt=\"Gummimetall Schwingungselemente\">\r\n\t\t\t\t\t\t\t<div class=\"portfolio__two-item-image-content\">\r\n\t\t\t\t\t\t\t\t<a href=\"https:\/\/www.eotechs.eu\/de\/produkte\/gummimetall-schwingungselemente\/\"><i class=\"fab fa-product-hunt\"><\/i><\/a>\r\n\t\t\t\t\t\t\t\t<span><\/span>\r\n\t\t\t\t\t\t\t\t<h4><a href=\"https:\/\/www.eotechs.eu\/de\/produkte\/gummimetall-schwingungselemente\/\">Gummimetall Schwingungselemente<\/a><\/h4>\r\n\t\t\t\t\t\t\t<\/div>\r\n\t\t\t\t\t\t<\/div>\r\n\t\t\t\t\t<\/div>\r\n\t\t\t\t<\/div>\r\n                \t\t\t\t<div class=\"col-xl-6 col-lg-6\">\r\n\t\t\t\t\t<div class=\"portfolio__two-item\">\r\n\t\t\t\t\t\t<div class=\"portfolio__two-item-image\">\r\n\t\t\t\t\t\t\t<img decoding=\"async\" src=\"https:\/\/www.eotechs.eu\/wp-content\/uploads\/2024\/10\/EUROMEGA_spugne-isolanti-scaled.jpg\" alt=\"Zellkautschuk in Form von Platten, Bl\u00f6cken, Rollen und Spezialanfertigungen\">\r\n\t\t\t\t\t\t\t<div class=\"portfolio__two-item-image-content\">\r\n\t\t\t\t\t\t\t\t<a href=\"https:\/\/www.eotechs.eu\/de\/produkte\/zellkautschuk-in-form-von-platten-bloecken-rollen-und-spezialanfertigungen\"><i class=\"fab fa-product-hunt\"><\/i><\/a>\r\n\t\t\t\t\t\t\t\t<span><\/span>\r\n\t\t\t\t\t\t\t\t<h4><a href=\"https:\/\/www.eotechs.eu\/de\/produkte\/zellkautschuk-in-form-von-platten-bloecken-rollen-und-spezialanfertigungen\">Zellkautschuk in Form von Platten, Bl\u00f6cken, Rollen und Spezialanfertigungen<\/a><\/h4>\r\n\t\t\t\t\t\t\t<\/div>\r\n\t\t\t\t\t\t<\/div>\r\n\t\t\t\t\t<\/div>\r\n\t\t\t\t<\/div>\r\n                \t\t\t\t<div class=\"col-xl-6 col-lg-6\">\r\n\t\t\t\t\t<div class=\"portfolio__two-item\">\r\n\t\t\t\t\t\t<div class=\"portfolio__two-item-image\">\r\n\t\t\t\t\t\t\t<img decoding=\"async\" src=\"https:\/\/www.eotechs.eu\/wp-content\/uploads\/2024\/10\/EUROMEGA_fasce-metallo-scaled.jpg\" alt=\"Schlauchschellen \/ B\u00e4nder Schilderbefestigungssysteme\">\r\n\t\t\t\t\t\t\t<div class=\"portfolio__two-item-image-content\">\r\n\t\t\t\t\t\t\t\t<a href=\"https:\/\/www.eotechs.eu\/de\/produkte\/schlauchschellen-baender-schilderbefestigungssysteme\/\"><i class=\"fab fa-product-hunt\"><\/i><\/a>\r\n\t\t\t\t\t\t\t\t<span><\/span>\r\n\t\t\t\t\t\t\t\t<h4><a href=\"https:\/\/www.eotechs.eu\/de\/produkte\/schlauchschellen-baender-schilderbefestigungssysteme\/\">Schlauchschellen \/ B\u00e4nder Schilderbefestigungssysteme<\/a><\/h4>\r\n\t\t\t\t\t\t\t<\/div>\r\n\t\t\t\t\t\t<\/div>\r\n\t\t\t\t\t<\/div>\r\n\t\t\t\t<\/div>\r\n                \t\t\t\t<div class=\"col-xl-6 col-lg-6\">\r\n\t\t\t\t\t<div class=\"portfolio__two-item\">\r\n\t\t\t\t\t\t<div class=\"portfolio__two-item-image\">\r\n\t\t\t\t\t\t\t<img decoding=\"async\" src=\"https:\/\/www.eotechs.eu\/wp-content\/uploads\/2024\/11\/EUROMEGA_siliconi-vari-scaled.jpg\" alt=\"Silikon Form-und Extrusionsteile\">\r\n\t\t\t\t\t\t\t<div class=\"portfolio__two-item-image-content\">\r\n\t\t\t\t\t\t\t\t<a href=\"https:\/\/www.eotechs.eu\/de\/produkte\/silikon-form-und-extrusionsteile\/\"><i class=\"fab fa-product-hunt\"><\/i><\/a>\r\n\t\t\t\t\t\t\t\t<span><\/span>\r\n\t\t\t\t\t\t\t\t<h4><a href=\"https:\/\/www.eotechs.eu\/de\/produkte\/silikon-form-und-extrusionsteile\/\">Silikon Form-und Extrusionsteile<\/a><\/h4>\r\n\t\t\t\t\t\t\t<\/div>\r\n\t\t\t\t\t\t<\/div>\r\n\t\t\t\t\t<\/div>\r\n\t\t\t\t<\/div>\r\n                \t\t\t<\/div>\r\n        <\/div>\r\n    <\/div>\r\n    \r\n    \r\n\t\t\t\t<\/div>\n\t\t\t\t<\/div>\n\t\t\t\t\t<\/div>\n\t\t<\/div>\n\t\t\t\t\t<\/div>\n\t\t<\/section>\n\t\t\t\t<\/div>\n\t\t","protected":false},"excerpt":{"rendered":"<p>Produkte Produktion und Vertrieb technischer Gummi-, Silikon- und Kunststoffprodukte Gummi-Industrieschl\u00e4uche Kunststoff-Industrieschl\u00e4uche Gummi-Form und Extrusionsteile Gummi-Formschl\u00e4uche Silikon-Formschl\u00e4uche auf Dorn gewickelt Gummimetall Schwingungselemente Zellkautschuk in Form von Platten, Bl\u00f6cken, Rollen und Spezialanfertigungen Schlauchschellen \/ B\u00e4nder Schilderbefestigungssysteme Silikon Form-und Extrusionsteile<\/p>\n","protected":false},"author":1,"featured_media":0,"parent":0,"menu_order":0,"comment_status":"closed","ping_status":"closed","template":"page-builder.php","meta":{"footnotes":""},"class_list":["post-3725","page","type-page","status-publish","hentry"],"yoast_head":"<!-- This site is optimized with the Yoast SEO plugin v27.3 - https:\/\/yoast.com\/product\/yoast-seo-wordpress\/ -->\n<title>Produkte - EOtechs<\/title>\n<meta name=\"robots\" content=\"index, follow, max-snippet:-1, max-image-preview:large, max-video-preview:-1\" \/>\n<link rel=\"canonical\" href=\"https:\/\/www.eotechs.eu\/de\/produkte\/\" \/>\n<meta property=\"og:locale\" content=\"de_DE\" \/>\n<meta property=\"og:type\" content=\"article\" \/>\n<meta property=\"og:title\" content=\"Produkte - EOtechs\" \/>\n<meta property=\"og:description\" content=\"Produkte Produktion und Vertrieb technischer Gummi-, Silikon- und Kunststoffprodukte Gummi-Industrieschl\u00e4uche Kunststoff-Industrieschl\u00e4uche Gummi-Form und Extrusionsteile Gummi-Formschl\u00e4uche Silikon-Formschl\u00e4uche auf Dorn gewickelt Gummimetall Schwingungselemente Zellkautschuk in Form von Platten, Bl\u00f6cken, Rollen und Spezialanfertigungen Schlauchschellen \/ B\u00e4nder Schilderbefestigungssysteme Silikon Form-und Extrusionsteile\" \/>\n<meta property=\"og:url\" content=\"https:\/\/www.eotechs.eu\/de\/produkte\/\" \/>\n<meta property=\"og:site_name\" content=\"EOtechs\" \/>\n<meta property=\"article:modified_time\" content=\"2024-12-13T14:51:31+00:00\" \/>\n<meta property=\"og:image\" content=\"https:\/\/www.eotechs.eu\/wp-content\/uploads\/2024\/10\/1684920392298_EUROMEGA_tubi-rigidi-scaled.jpg\" \/>\n<meta name=\"twitter:card\" content=\"summary_large_image\" \/>\n<meta name=\"twitter:label1\" content=\"Gesch\u00e4tzte Lesezeit\" \/>\n\t<meta name=\"twitter:data1\" content=\"3\u00a0Minuten\" \/>\n<script type=\"application\/ld+json\" class=\"yoast-schema-graph\">{\"@context\":\"https:\\\/\\\/schema.org\",\"@graph\":[{\"@type\":\"WebPage\",\"@id\":\"https:\\\/\\\/www.eotechs.eu\\\/de\\\/produkte\\\/\",\"url\":\"https:\\\/\\\/www.eotechs.eu\\\/de\\\/produkte\\\/\",\"name\":\"Produkte - EOtechs\",\"isPartOf\":{\"@id\":\"https:\\\/\\\/www.eotechs.eu\\\/de\\\/#website\"},\"primaryImageOfPage\":{\"@id\":\"https:\\\/\\\/www.eotechs.eu\\\/de\\\/produkte\\\/#primaryimage\"},\"image\":{\"@id\":\"https:\\\/\\\/www.eotechs.eu\\\/de\\\/produkte\\\/#primaryimage\"},\"thumbnailUrl\":\"https:\\\/\\\/www.eotechs.eu\\\/wp-content\\\/uploads\\\/2024\\\/10\\\/1684920392298_EUROMEGA_tubi-rigidi-scaled.jpg\",\"datePublished\":\"2024-11-06T13:30:00+00:00\",\"dateModified\":\"2024-12-13T14:51:31+00:00\",\"breadcrumb\":{\"@id\":\"https:\\\/\\\/www.eotechs.eu\\\/de\\\/produkte\\\/#breadcrumb\"},\"inLanguage\":\"de\",\"potentialAction\":[{\"@type\":\"ReadAction\",\"target\":[\"https:\\\/\\\/www.eotechs.eu\\\/de\\\/produkte\\\/\"]}]},{\"@type\":\"ImageObject\",\"inLanguage\":\"de\",\"@id\":\"https:\\\/\\\/www.eotechs.eu\\\/de\\\/produkte\\\/#primaryimage\",\"url\":\"https:\\\/\\\/www.eotechs.eu\\\/wp-content\\\/uploads\\\/2024\\\/10\\\/1684920392298_EUROMEGA_tubi-rigidi-scaled.jpg\",\"contentUrl\":\"https:\\\/\\\/www.eotechs.eu\\\/wp-content\\\/uploads\\\/2024\\\/10\\\/1684920392298_EUROMEGA_tubi-rigidi-scaled.jpg\"},{\"@type\":\"BreadcrumbList\",\"@id\":\"https:\\\/\\\/www.eotechs.eu\\\/de\\\/produkte\\\/#breadcrumb\",\"itemListElement\":[{\"@type\":\"ListItem\",\"position\":1,\"name\":\"Home\",\"item\":\"https:\\\/\\\/www.eotechs.eu\\\/de\\\/\"},{\"@type\":\"ListItem\",\"position\":2,\"name\":\"Produkte\"}]},{\"@type\":\"WebSite\",\"@id\":\"https:\\\/\\\/www.eotechs.eu\\\/de\\\/#website\",\"url\":\"https:\\\/\\\/www.eotechs.eu\\\/de\\\/\",\"name\":\"EOtechs\",\"description\":\"Technical products for earth and space\",\"potentialAction\":[{\"@type\":\"SearchAction\",\"target\":{\"@type\":\"EntryPoint\",\"urlTemplate\":\"https:\\\/\\\/www.eotechs.eu\\\/de\\\/?s={search_term_string}\"},\"query-input\":{\"@type\":\"PropertyValueSpecification\",\"valueRequired\":true,\"valueName\":\"search_term_string\"}}],\"inLanguage\":\"de\"}]}<\/script>\n<!-- \/ Yoast SEO plugin. -->","yoast_head_json":{"title":"Produkte - EOtechs","robots":{"index":"index","follow":"follow","max-snippet":"max-snippet:-1","max-image-preview":"max-image-preview:large","max-video-preview":"max-video-preview:-1"},"canonical":"https:\/\/www.eotechs.eu\/de\/produkte\/","og_locale":"de_DE","og_type":"article","og_title":"Produkte - EOtechs","og_description":"Produkte Produktion und Vertrieb technischer Gummi-, Silikon- und Kunststoffprodukte Gummi-Industrieschl\u00e4uche Kunststoff-Industrieschl\u00e4uche Gummi-Form und Extrusionsteile Gummi-Formschl\u00e4uche Silikon-Formschl\u00e4uche auf Dorn gewickelt Gummimetall Schwingungselemente Zellkautschuk in Form von Platten, Bl\u00f6cken, Rollen und Spezialanfertigungen Schlauchschellen \/ B\u00e4nder Schilderbefestigungssysteme Silikon Form-und Extrusionsteile","og_url":"https:\/\/www.eotechs.eu\/de\/produkte\/","og_site_name":"EOtechs","article_modified_time":"2024-12-13T14:51:31+00:00","og_image":[{"url":"https:\/\/www.eotechs.eu\/wp-content\/uploads\/2024\/10\/1684920392298_EUROMEGA_tubi-rigidi-scaled.jpg","type":"","width":"","height":""}],"twitter_card":"summary_large_image","twitter_misc":{"Gesch\u00e4tzte Lesezeit":"3\u00a0Minuten"},"schema":{"@context":"https:\/\/schema.org","@graph":[{"@type":"WebPage","@id":"https:\/\/www.eotechs.eu\/de\/produkte\/","url":"https:\/\/www.eotechs.eu\/de\/produkte\/","name":"Produkte - EOtechs","isPartOf":{"@id":"https:\/\/www.eotechs.eu\/de\/#website"},"primaryImageOfPage":{"@id":"https:\/\/www.eotechs.eu\/de\/produkte\/#primaryimage"},"image":{"@id":"https:\/\/www.eotechs.eu\/de\/produkte\/#primaryimage"},"thumbnailUrl":"https:\/\/www.eotechs.eu\/wp-content\/uploads\/2024\/10\/1684920392298_EUROMEGA_tubi-rigidi-scaled.jpg","datePublished":"2024-11-06T13:30:00+00:00","dateModified":"2024-12-13T14:51:31+00:00","breadcrumb":{"@id":"https:\/\/www.eotechs.eu\/de\/produkte\/#breadcrumb"},"inLanguage":"de","potentialAction":[{"@type":"ReadAction","target":["https:\/\/www.eotechs.eu\/de\/produkte\/"]}]},{"@type":"ImageObject","inLanguage":"de","@id":"https:\/\/www.eotechs.eu\/de\/produkte\/#primaryimage","url":"https:\/\/www.eotechs.eu\/wp-content\/uploads\/2024\/10\/1684920392298_EUROMEGA_tubi-rigidi-scaled.jpg","contentUrl":"https:\/\/www.eotechs.eu\/wp-content\/uploads\/2024\/10\/1684920392298_EUROMEGA_tubi-rigidi-scaled.jpg"},{"@type":"BreadcrumbList","@id":"https:\/\/www.eotechs.eu\/de\/produkte\/#breadcrumb","itemListElement":[{"@type":"ListItem","position":1,"name":"Home","item":"https:\/\/www.eotechs.eu\/de\/"},{"@type":"ListItem","position":2,"name":"Produkte"}]},{"@type":"WebSite","@id":"https:\/\/www.eotechs.eu\/de\/#website","url":"https:\/\/www.eotechs.eu\/de\/","name":"EOtechs","description":"Technical products for earth and space","potentialAction":[{"@type":"SearchAction","target":{"@type":"EntryPoint","urlTemplate":"https:\/\/www.eotechs.eu\/de\/?s={search_term_string}"},"query-input":{"@type":"PropertyValueSpecification","valueRequired":true,"valueName":"search_term_string"}}],"inLanguage":"de"}]}},"_links":{"self":[{"href":"https:\/\/www.eotechs.eu\/de\/wp-json\/wp\/v2\/pages\/3725","targetHints":{"allow":["GET"]}}],"collection":[{"href":"https:\/\/www.eotechs.eu\/de\/wp-json\/wp\/v2\/pages"}],"about":[{"href":"https:\/\/www.eotechs.eu\/de\/wp-json\/wp\/v2\/types\/page"}],"author":[{"embeddable":true,"href":"https:\/\/www.eotechs.eu\/de\/wp-json\/wp\/v2\/users\/1"}],"replies":[{"embeddable":true,"href":"https:\/\/www.eotechs.eu\/de\/wp-json\/wp\/v2\/comments?post=3725"}],"version-history":[{"count":13,"href":"https:\/\/www.eotechs.eu\/de\/wp-json\/wp\/v2\/pages\/3725\/revisions"}],"predecessor-version":[{"id":3850,"href":"https:\/\/www.eotechs.eu\/de\/wp-json\/wp\/v2\/pages\/3725\/revisions\/3850"}],"wp:attachment":[{"href":"https:\/\/www.eotechs.eu\/de\/wp-json\/wp\/v2\/media?parent=3725"}],"curies":[{"name":"wp","href":"https:\/\/api.w.org\/{rel}","templated":true}]}}