{"id":3792,"date":"2024-12-05T11:44:57","date_gmt":"2024-12-05T10:44:57","guid":{"rendered":"https:\/\/www.eotechs.eu\/produkte\/kunststoff-industrieschlaeuche\/"},"modified":"2024-12-13T16:03:36","modified_gmt":"2024-12-13T15:03:36","slug":"kunststoff-industrieschlaeuche","status":"publish","type":"page","link":"https:\/\/www.eotechs.eu\/de\/produkte\/kunststoff-industrieschlaeuche\/","title":{"rendered":"Kunststoff-Industrieschl\u00e4uche"},"content":{"rendered":"\t\t<div data-elementor-type=\"wp-page\" data-elementor-id=\"3792\" class=\"elementor elementor-3792 elementor-2976\" data-elementor-post-type=\"page\">\n\t\t\t\t<div class=\"elementor-element elementor-element-a99c2c2 e-flex e-con-boxed e-con e-parent\" data-id=\"a99c2c2\" data-element_type=\"container\" data-e-type=\"container\" data-settings=\"{&quot;background_background&quot;:&quot;classic&quot;}\">\n\t\t\t\t\t<div class=\"e-con-inner\">\n\t\t\t\t<div class=\"elementor-element elementor-element-ac34d18 elementor-widget elementor-widget-heading\" data-id=\"ac34d18\" data-element_type=\"widget\" data-e-type=\"widget\" data-widget_type=\"heading.default\">\n\t\t\t\t<div class=\"elementor-widget-container\">\n\t\t\t\t\t<h2 class=\"elementor-heading-title elementor-size-default\">Kunststoff-Industrieschl\u00e4uche<\/h2>\t\t\t\t<\/div>\n\t\t\t\t<\/div>\n\t\t\t\t<div class=\"elementor-element elementor-element-cc861b8 elementor-widget elementor-widget-breadcrumbs\" data-id=\"cc861b8\" data-element_type=\"widget\" data-e-type=\"widget\" data-widget_type=\"breadcrumbs.default\">\n\t\t\t\t<div class=\"elementor-widget-container\">\n\t\t\t\t\t<p id=\"breadcrumbs\"><span><span><a href=\"https:\/\/www.eotechs.eu\/de\/\">Home<\/a><\/span><\/span><\/p>\t\t\t\t<\/div>\n\t\t\t\t<\/div>\n\t\t\t\t\t<\/div>\n\t\t\t\t<\/div>\n\t\t<div class=\"elementor-element elementor-element-7ecb70c e-flex e-con-boxed e-con e-parent\" data-id=\"7ecb70c\" data-element_type=\"container\" data-e-type=\"container\">\n\t\t\t\t\t<div class=\"e-con-inner\">\n\t\t<div class=\"elementor-element elementor-element-9c0328d e-con-full e-flex e-con e-child\" data-id=\"9c0328d\" data-element_type=\"container\" data-e-type=\"container\">\n\t\t\t\t<div class=\"elementor-element elementor-element-c0435c4 elementor-icon-list--layout-traditional elementor-list-item-link-full_width elementor-widget elementor-widget-icon-list\" data-id=\"c0435c4\" data-element_type=\"widget\" data-e-type=\"widget\" data-widget_type=\"icon-list.default\">\n\t\t\t\t<div class=\"elementor-widget-container\">\n\t\t\t\t\t\t\t<ul class=\"elementor-icon-list-items\">\n\t\t\t\t\t\t\t<li class=\"elementor-icon-list-item\">\n\t\t\t\t\t\t\t\t\t\t\t<span class=\"elementor-icon-list-icon\">\n\t\t\t\t\t\t\t<svg aria-hidden=\"true\" class=\"e-font-icon-svg e-fas-check-circle\" viewBox=\"0 0 512 512\" xmlns=\"http:\/\/www.w3.org\/2000\/svg\"><path d=\"M504 256c0 136.967-111.033 248-248 248S8 392.967 8 256 119.033 8 256 8s248 111.033 248 248zM227.314 387.314l184-184c6.248-6.248 6.248-16.379 0-22.627l-22.627-22.627c-6.248-6.249-16.379-6.249-22.628 0L216 308.118l-70.059-70.059c-6.248-6.248-16.379-6.248-22.628 0l-22.627 22.627c-6.248 6.248-6.248 16.379 0 22.627l104 104c6.249 6.249 16.379 6.249 22.628.001z\"><\/path><\/svg>\t\t\t\t\t\t<\/span>\n\t\t\t\t\t\t\t\t\t\t<span class=\"elementor-icon-list-text\">Landwirtschaft<\/span>\n\t\t\t\t\t\t\t\t\t<\/li>\n\t\t\t\t\t\t\t\t<li class=\"elementor-icon-list-item\">\n\t\t\t\t\t\t\t\t\t\t\t<span class=\"elementor-icon-list-icon\">\n\t\t\t\t\t\t\t<svg aria-hidden=\"true\" class=\"e-font-icon-svg e-fas-check-circle\" viewBox=\"0 0 512 512\" xmlns=\"http:\/\/www.w3.org\/2000\/svg\"><path d=\"M504 256c0 136.967-111.033 248-248 248S8 392.967 8 256 119.033 8 256 8s248 111.033 248 248zM227.314 387.314l184-184c6.248-6.248 6.248-16.379 0-22.627l-22.627-22.627c-6.248-6.249-16.379-6.249-22.628 0L216 308.118l-70.059-70.059c-6.248-6.248-16.379-6.248-22.628 0l-22.627 22.627c-6.248 6.248-6.248 16.379 0 22.627l104 104c6.249 6.249 16.379 6.249 22.628.001z\"><\/path><\/svg>\t\t\t\t\t\t<\/span>\n\t\t\t\t\t\t\t\t\t\t<span class=\"elementor-icon-list-text\">Allgemeine Industrie<\/span>\n\t\t\t\t\t\t\t\t\t<\/li>\n\t\t\t\t\t\t\t\t<li class=\"elementor-icon-list-item\">\n\t\t\t\t\t\t\t\t\t\t\t<span class=\"elementor-icon-list-icon\">\n\t\t\t\t\t\t\t<svg aria-hidden=\"true\" class=\"e-font-icon-svg e-fas-check-circle\" viewBox=\"0 0 512 512\" xmlns=\"http:\/\/www.w3.org\/2000\/svg\"><path d=\"M504 256c0 136.967-111.033 248-248 248S8 392.967 8 256 119.033 8 256 8s248 111.033 248 248zM227.314 387.314l184-184c6.248-6.248 6.248-16.379 0-22.627l-22.627-22.627c-6.248-6.249-16.379-6.249-22.628 0L216 308.118l-70.059-70.059c-6.248-6.248-16.379-6.248-22.628 0l-22.627 22.627c-6.248 6.248-6.248 16.379 0 22.627l104 104c6.249 6.249 16.379 6.249 22.628.001z\"><\/path><\/svg>\t\t\t\t\t\t<\/span>\n\t\t\t\t\t\t\t\t\t\t<span class=\"elementor-icon-list-text\">Wasserschl\u00e4uche<\/span>\n\t\t\t\t\t\t\t\t\t<\/li>\n\t\t\t\t\t\t\t\t<li class=\"elementor-icon-list-item\">\n\t\t\t\t\t\t\t\t\t\t\t<span class=\"elementor-icon-list-icon\">\n\t\t\t\t\t\t\t<svg aria-hidden=\"true\" class=\"e-font-icon-svg e-fas-check-circle\" viewBox=\"0 0 512 512\" xmlns=\"http:\/\/www.w3.org\/2000\/svg\"><path d=\"M504 256c0 136.967-111.033 248-248 248S8 392.967 8 256 119.033 8 256 8s248 111.033 248 248zM227.314 387.314l184-184c6.248-6.248 6.248-16.379 0-22.627l-22.627-22.627c-6.248-6.249-16.379-6.249-22.628 0L216 308.118l-70.059-70.059c-6.248-6.248-16.379-6.248-22.628 0l-22.627 22.627c-6.248 6.248-6.248 16.379 0 22.627l104 104c6.249 6.249 16.379 6.249 22.628.001z\"><\/path><\/svg>\t\t\t\t\t\t<\/span>\n\t\t\t\t\t\t\t\t\t\t<span class=\"elementor-icon-list-text\">Schl\u00e4uche f\u00fcr abrasive Medien<\/span>\n\t\t\t\t\t\t\t\t\t<\/li>\n\t\t\t\t\t\t\t\t<li class=\"elementor-icon-list-item\">\n\t\t\t\t\t\t\t\t\t\t\t<span class=\"elementor-icon-list-icon\">\n\t\t\t\t\t\t\t<svg aria-hidden=\"true\" class=\"e-font-icon-svg e-fas-check-circle\" viewBox=\"0 0 512 512\" xmlns=\"http:\/\/www.w3.org\/2000\/svg\"><path d=\"M504 256c0 136.967-111.033 248-248 248S8 392.967 8 256 119.033 8 256 8s248 111.033 248 248zM227.314 387.314l184-184c6.248-6.248 6.248-16.379 0-22.627l-22.627-22.627c-6.248-6.249-16.379-6.249-22.628 0L216 308.118l-70.059-70.059c-6.248-6.248-16.379-6.248-22.628 0l-22.627 22.627c-6.248 6.248-6.248 16.379 0 22.627l104 104c6.249 6.249 16.379 6.249 22.628.001z\"><\/path><\/svg>\t\t\t\t\t\t<\/span>\n\t\t\t\t\t\t\t\t\t\t<span class=\"elementor-icon-list-text\">Bau<\/span>\n\t\t\t\t\t\t\t\t\t<\/li>\n\t\t\t\t\t\t\t\t<li class=\"elementor-icon-list-item\">\n\t\t\t\t\t\t\t\t\t\t\t<span class=\"elementor-icon-list-icon\">\n\t\t\t\t\t\t\t<svg aria-hidden=\"true\" class=\"e-font-icon-svg e-fas-check-circle\" viewBox=\"0 0 512 512\" xmlns=\"http:\/\/www.w3.org\/2000\/svg\"><path d=\"M504 256c0 136.967-111.033 248-248 248S8 392.967 8 256 119.033 8 256 8s248 111.033 248 248zM227.314 387.314l184-184c6.248-6.248 6.248-16.379 0-22.627l-22.627-22.627c-6.248-6.249-16.379-6.249-22.628 0L216 308.118l-70.059-70.059c-6.248-6.248-16.379-6.248-22.628 0l-22.627 22.627c-6.248 6.248-6.248 16.379 0 22.627l104 104c6.249 6.249 16.379 6.249 22.628.001z\"><\/path><\/svg>\t\t\t\t\t\t<\/span>\n\t\t\t\t\t\t\t\t\t\t<span class=\"elementor-icon-list-text\">Lebensmittelindustrie<\/span>\n\t\t\t\t\t\t\t\t\t<\/li>\n\t\t\t\t\t\t<\/ul>\n\t\t\t\t\t\t<\/div>\n\t\t\t\t<\/div>\n\t\t\t\t<\/div>\n\t\t<div class=\"elementor-element elementor-element-047a7ab e-con-full e-flex e-con e-child\" data-id=\"047a7ab\" data-element_type=\"container\" data-e-type=\"container\">\n\t\t\t\t<div class=\"elementor-element elementor-element-91f6e4a elementor-widget elementor-widget-image\" data-id=\"91f6e4a\" data-element_type=\"widget\" data-e-type=\"widget\" data-widget_type=\"image.default\">\n\t\t\t\t<div class=\"elementor-widget-container\">\n\t\t\t\t\t\t\t\t\t\t\t\t\t\t\t<img fetchpriority=\"high\" decoding=\"async\" width=\"1024\" height=\"683\" src=\"https:\/\/www.eotechs.eu\/wp-content\/uploads\/2024\/12\/1684920391783_EUROMEGA_tubi-colorati-1024x683.jpg\" class=\"attachment-large size-large wp-image-3879\" alt=\"\" srcset=\"https:\/\/www.eotechs.eu\/wp-content\/uploads\/2024\/12\/1684920391783_EUROMEGA_tubi-colorati-1024x683.jpg 1024w, https:\/\/www.eotechs.eu\/wp-content\/uploads\/2024\/12\/1684920391783_EUROMEGA_tubi-colorati-300x200.jpg 300w, https:\/\/www.eotechs.eu\/wp-content\/uploads\/2024\/12\/1684920391783_EUROMEGA_tubi-colorati-768x512.jpg 768w, https:\/\/www.eotechs.eu\/wp-content\/uploads\/2024\/12\/1684920391783_EUROMEGA_tubi-colorati-1536x1024.jpg 1536w, https:\/\/www.eotechs.eu\/wp-content\/uploads\/2024\/12\/1684920391783_EUROMEGA_tubi-colorati-2048x1365.jpg 2048w\" sizes=\"(max-width: 1024px) 100vw, 1024px\" \/>\t\t\t\t\t\t\t\t\t\t\t\t\t\t\t<\/div>\n\t\t\t\t<\/div>\n\t\t\t\t<\/div>\n\t\t\t\t\t<\/div>\n\t\t\t\t<\/div>\n\t\t\t\t<\/div>\n\t\t","protected":false},"excerpt":{"rendered":"<p>Landwirtschaft Allgemeine Industrie Wasserschl\u00e4uche Schl\u00e4uche f\u00fcr abrasive Medien Bau Lebensmittelindustrie<\/p>\n","protected":false},"author":1,"featured_media":0,"parent":3725,"menu_order":0,"comment_status":"closed","ping_status":"closed","template":"page-builder.php","meta":{"footnotes":""},"class_list":["post-3792","page","type-page","status-publish","hentry"],"yoast_head":"<!-- This site is optimized with the Yoast SEO plugin v27.3 - https:\/\/yoast.com\/product\/yoast-seo-wordpress\/ -->\n<title>Kunststoff-Industrieschl\u00e4uche - EOtechs<\/title>\n<meta name=\"robots\" content=\"index, follow, max-snippet:-1, max-image-preview:large, max-video-preview:-1\" \/>\n<link rel=\"canonical\" href=\"https:\/\/www.eotechs.eu\/de\/produkte\/kunststoff-industrieschlaeuche\/\" \/>\n<meta property=\"og:locale\" content=\"de_DE\" \/>\n<meta property=\"og:type\" content=\"article\" \/>\n<meta property=\"og:title\" content=\"Kunststoff-Industrieschl\u00e4uche - EOtechs\" \/>\n<meta property=\"og:description\" content=\"Landwirtschaft Allgemeine Industrie Wasserschl\u00e4uche Schl\u00e4uche f\u00fcr abrasive Medien Bau Lebensmittelindustrie\" \/>\n<meta property=\"og:url\" content=\"https:\/\/www.eotechs.eu\/de\/produkte\/kunststoff-industrieschlaeuche\/\" \/>\n<meta property=\"og:site_name\" content=\"EOtechs\" \/>\n<meta property=\"article:modified_time\" content=\"2024-12-13T15:03:36+00:00\" \/>\n<meta property=\"og:image\" content=\"https:\/\/www.eotechs.eu\/wp-content\/uploads\/2024\/12\/1684920391783_EUROMEGA_tubi-colorati-1024x683.jpg\" \/>\n<meta name=\"twitter:card\" content=\"summary_large_image\" \/>\n<meta name=\"twitter:label1\" content=\"Gesch\u00e4tzte Lesezeit\" \/>\n\t<meta name=\"twitter:data1\" content=\"1\u00a0Minute\" \/>\n<script type=\"application\/ld+json\" class=\"yoast-schema-graph\">{\"@context\":\"https:\\\/\\\/schema.org\",\"@graph\":[{\"@type\":\"WebPage\",\"@id\":\"https:\\\/\\\/www.eotechs.eu\\\/de\\\/produkte\\\/kunststoff-industrieschlaeuche\\\/\",\"url\":\"https:\\\/\\\/www.eotechs.eu\\\/de\\\/produkte\\\/kunststoff-industrieschlaeuche\\\/\",\"name\":\"Kunststoff-Industrieschl\u00e4uche - EOtechs\",\"isPartOf\":{\"@id\":\"https:\\\/\\\/www.eotechs.eu\\\/de\\\/#website\"},\"primaryImageOfPage\":{\"@id\":\"https:\\\/\\\/www.eotechs.eu\\\/de\\\/produkte\\\/kunststoff-industrieschlaeuche\\\/#primaryimage\"},\"image\":{\"@id\":\"https:\\\/\\\/www.eotechs.eu\\\/de\\\/produkte\\\/kunststoff-industrieschlaeuche\\\/#primaryimage\"},\"thumbnailUrl\":\"https:\\\/\\\/www.eotechs.eu\\\/wp-content\\\/uploads\\\/2024\\\/12\\\/1684920391783_EUROMEGA_tubi-colorati-1024x683.jpg\",\"datePublished\":\"2024-12-05T10:44:57+00:00\",\"dateModified\":\"2024-12-13T15:03:36+00:00\",\"breadcrumb\":{\"@id\":\"https:\\\/\\\/www.eotechs.eu\\\/de\\\/produkte\\\/kunststoff-industrieschlaeuche\\\/#breadcrumb\"},\"inLanguage\":\"de\",\"potentialAction\":[{\"@type\":\"ReadAction\",\"target\":[\"https:\\\/\\\/www.eotechs.eu\\\/de\\\/produkte\\\/kunststoff-industrieschlaeuche\\\/\"]}]},{\"@type\":\"ImageObject\",\"inLanguage\":\"de\",\"@id\":\"https:\\\/\\\/www.eotechs.eu\\\/de\\\/produkte\\\/kunststoff-industrieschlaeuche\\\/#primaryimage\",\"url\":\"https:\\\/\\\/www.eotechs.eu\\\/wp-content\\\/uploads\\\/2024\\\/12\\\/1684920391783_EUROMEGA_tubi-colorati-1024x683.jpg\",\"contentUrl\":\"https:\\\/\\\/www.eotechs.eu\\\/wp-content\\\/uploads\\\/2024\\\/12\\\/1684920391783_EUROMEGA_tubi-colorati-1024x683.jpg\"},{\"@type\":\"BreadcrumbList\",\"@id\":\"https:\\\/\\\/www.eotechs.eu\\\/de\\\/produkte\\\/kunststoff-industrieschlaeuche\\\/#breadcrumb\",\"itemListElement\":[{\"@type\":\"ListItem\",\"position\":1,\"name\":\"Home\",\"item\":\"https:\\\/\\\/www.eotechs.eu\\\/de\\\/\"},{\"@type\":\"ListItem\",\"position\":2,\"name\":\"Kunststoff-Industrieschl\u00e4uche\"}]},{\"@type\":\"WebSite\",\"@id\":\"https:\\\/\\\/www.eotechs.eu\\\/de\\\/#website\",\"url\":\"https:\\\/\\\/www.eotechs.eu\\\/de\\\/\",\"name\":\"EOtechs\",\"description\":\"Technical products for earth and space\",\"potentialAction\":[{\"@type\":\"SearchAction\",\"target\":{\"@type\":\"EntryPoint\",\"urlTemplate\":\"https:\\\/\\\/www.eotechs.eu\\\/de\\\/?s={search_term_string}\"},\"query-input\":{\"@type\":\"PropertyValueSpecification\",\"valueRequired\":true,\"valueName\":\"search_term_string\"}}],\"inLanguage\":\"de\"}]}<\/script>\n<!-- \/ Yoast SEO plugin. -->","yoast_head_json":{"title":"Kunststoff-Industrieschl\u00e4uche - EOtechs","robots":{"index":"index","follow":"follow","max-snippet":"max-snippet:-1","max-image-preview":"max-image-preview:large","max-video-preview":"max-video-preview:-1"},"canonical":"https:\/\/www.eotechs.eu\/de\/produkte\/kunststoff-industrieschlaeuche\/","og_locale":"de_DE","og_type":"article","og_title":"Kunststoff-Industrieschl\u00e4uche - EOtechs","og_description":"Landwirtschaft Allgemeine Industrie Wasserschl\u00e4uche Schl\u00e4uche f\u00fcr abrasive Medien Bau Lebensmittelindustrie","og_url":"https:\/\/www.eotechs.eu\/de\/produkte\/kunststoff-industrieschlaeuche\/","og_site_name":"EOtechs","article_modified_time":"2024-12-13T15:03:36+00:00","og_image":[{"url":"https:\/\/www.eotechs.eu\/wp-content\/uploads\/2024\/12\/1684920391783_EUROMEGA_tubi-colorati-1024x683.jpg","type":"","width":"","height":""}],"twitter_card":"summary_large_image","twitter_misc":{"Gesch\u00e4tzte Lesezeit":"1\u00a0Minute"},"schema":{"@context":"https:\/\/schema.org","@graph":[{"@type":"WebPage","@id":"https:\/\/www.eotechs.eu\/de\/produkte\/kunststoff-industrieschlaeuche\/","url":"https:\/\/www.eotechs.eu\/de\/produkte\/kunststoff-industrieschlaeuche\/","name":"Kunststoff-Industrieschl\u00e4uche - EOtechs","isPartOf":{"@id":"https:\/\/www.eotechs.eu\/de\/#website"},"primaryImageOfPage":{"@id":"https:\/\/www.eotechs.eu\/de\/produkte\/kunststoff-industrieschlaeuche\/#primaryimage"},"image":{"@id":"https:\/\/www.eotechs.eu\/de\/produkte\/kunststoff-industrieschlaeuche\/#primaryimage"},"thumbnailUrl":"https:\/\/www.eotechs.eu\/wp-content\/uploads\/2024\/12\/1684920391783_EUROMEGA_tubi-colorati-1024x683.jpg","datePublished":"2024-12-05T10:44:57+00:00","dateModified":"2024-12-13T15:03:36+00:00","breadcrumb":{"@id":"https:\/\/www.eotechs.eu\/de\/produkte\/kunststoff-industrieschlaeuche\/#breadcrumb"},"inLanguage":"de","potentialAction":[{"@type":"ReadAction","target":["https:\/\/www.eotechs.eu\/de\/produkte\/kunststoff-industrieschlaeuche\/"]}]},{"@type":"ImageObject","inLanguage":"de","@id":"https:\/\/www.eotechs.eu\/de\/produkte\/kunststoff-industrieschlaeuche\/#primaryimage","url":"https:\/\/www.eotechs.eu\/wp-content\/uploads\/2024\/12\/1684920391783_EUROMEGA_tubi-colorati-1024x683.jpg","contentUrl":"https:\/\/www.eotechs.eu\/wp-content\/uploads\/2024\/12\/1684920391783_EUROMEGA_tubi-colorati-1024x683.jpg"},{"@type":"BreadcrumbList","@id":"https:\/\/www.eotechs.eu\/de\/produkte\/kunststoff-industrieschlaeuche\/#breadcrumb","itemListElement":[{"@type":"ListItem","position":1,"name":"Home","item":"https:\/\/www.eotechs.eu\/de\/"},{"@type":"ListItem","position":2,"name":"Kunststoff-Industrieschl\u00e4uche"}]},{"@type":"WebSite","@id":"https:\/\/www.eotechs.eu\/de\/#website","url":"https:\/\/www.eotechs.eu\/de\/","name":"EOtechs","description":"Technical products for earth and space","potentialAction":[{"@type":"SearchAction","target":{"@type":"EntryPoint","urlTemplate":"https:\/\/www.eotechs.eu\/de\/?s={search_term_string}"},"query-input":{"@type":"PropertyValueSpecification","valueRequired":true,"valueName":"search_term_string"}}],"inLanguage":"de"}]}},"_links":{"self":[{"href":"https:\/\/www.eotechs.eu\/de\/wp-json\/wp\/v2\/pages\/3792","targetHints":{"allow":["GET"]}}],"collection":[{"href":"https:\/\/www.eotechs.eu\/de\/wp-json\/wp\/v2\/pages"}],"about":[{"href":"https:\/\/www.eotechs.eu\/de\/wp-json\/wp\/v2\/types\/page"}],"author":[{"embeddable":true,"href":"https:\/\/www.eotechs.eu\/de\/wp-json\/wp\/v2\/users\/1"}],"replies":[{"embeddable":true,"href":"https:\/\/www.eotechs.eu\/de\/wp-json\/wp\/v2\/comments?post=3792"}],"version-history":[{"count":4,"href":"https:\/\/www.eotechs.eu\/de\/wp-json\/wp\/v2\/pages\/3792\/revisions"}],"predecessor-version":[{"id":3884,"href":"https:\/\/www.eotechs.eu\/de\/wp-json\/wp\/v2\/pages\/3792\/revisions\/3884"}],"up":[{"embeddable":true,"href":"https:\/\/www.eotechs.eu\/de\/wp-json\/wp\/v2\/pages\/3725"}],"wp:attachment":[{"href":"https:\/\/www.eotechs.eu\/de\/wp-json\/wp\/v2\/media?parent=3792"}],"curies":[{"name":"wp","href":"https:\/\/api.w.org\/{rel}","templated":true}]}}