{"id":4191,"date":"2025-05-05T11:40:31","date_gmt":"2025-05-05T09:40:31","guid":{"rendered":"https:\/\/www.eotechs.eu\/general-terms-and-conditions-of-sale\/"},"modified":"2025-05-05T12:21:31","modified_gmt":"2025-05-05T10:21:31","slug":"allgemeine-verkaufs-und-lieferbedingungen","status":"publish","type":"page","link":"https:\/\/www.eotechs.eu\/de\/allgemeine-verkaufs-und-lieferbedingungen\/","title":{"rendered":"Allgemeine verkaufs- und lieferbedingungen"},"content":{"rendered":"\t\t<div data-elementor-type=\"wp-page\" data-elementor-id=\"4191\" class=\"elementor elementor-4191 elementor-4170\" data-elementor-post-type=\"page\">\n\t\t\t\t<div class=\"elementor-element elementor-element-6e55beb e-flex e-con-boxed e-con e-parent\" data-id=\"6e55beb\" data-element_type=\"container\" data-e-type=\"container\" data-settings=\"{&quot;background_background&quot;:&quot;classic&quot;}\">\n\t\t\t\t\t<div class=\"e-con-inner\">\n\t\t\t\t<div class=\"elementor-element elementor-element-98b205e elementor-widget elementor-widget-heading\" data-id=\"98b205e\" data-element_type=\"widget\" data-e-type=\"widget\" data-widget_type=\"heading.default\">\n\t\t\t\t<div class=\"elementor-widget-container\">\n\t\t\t\t\t<h2 class=\"elementor-heading-title elementor-size-default\">Allgemeine verkaufs- und lieferbedingungen<\/h2>\t\t\t\t<\/div>\n\t\t\t\t<\/div>\n\t\t\t\t<div class=\"elementor-element elementor-element-bf4c45e elementor-widget elementor-widget-breadcrumbs\" data-id=\"bf4c45e\" data-element_type=\"widget\" data-e-type=\"widget\" data-widget_type=\"breadcrumbs.default\">\n\t\t\t\t<div class=\"elementor-widget-container\">\n\t\t\t\t\t<p id=\"breadcrumbs\"><span><span><a href=\"https:\/\/www.eotechs.eu\/de\/\">Home<\/a><\/span><\/span><\/p>\t\t\t\t<\/div>\n\t\t\t\t<\/div>\n\t\t\t\t\t<\/div>\n\t\t\t\t<\/div>\n\t\t<div class=\"elementor-element elementor-element-8500126 e-flex e-con-boxed e-con e-parent\" data-id=\"8500126\" data-element_type=\"container\" data-e-type=\"container\">\n\t\t\t\t\t<div class=\"e-con-inner\">\n\t\t\t\t<div class=\"elementor-element elementor-element-57ea06e elementor-widget elementor-widget-text-editor\" data-id=\"57ea06e\" data-element_type=\"widget\" data-e-type=\"widget\" data-widget_type=\"text-editor.default\">\n\t\t\t\t<div class=\"elementor-widget-container\">\n\t\t\t\t\t\t\t\t\t<ol>\n \t<li>Anwendungsbereich <\/br>\nAlle Bestellungen, die vom Auftraggeber \u00fcbermittelt werden, unterliegen diesen allgemeinen Lieferbedingungen, unabh\u00e4ngig von abweichenden Bedingungen in ihnen enthalten. Etwaige abweichende Bedingungen in der Bestellung k\u00f6nnen diesen allgemeinen Lieferbedingungen nur mit ausdr\u00fccklicher schriftlicher Zustimmung von Euromega Srl abweichen. Mit der Best\u00e4tigung der Bestellung k\u00f6nnen diese allgemeinen Lieferbedingungen nur mit ausdr\u00fccklicher schriftlicher Vereinbarung der Parteien ge\u00e4ndert oder abge\u00e4ndert werden.<\/li>\n \t<li>Bestellungen <\/br>\nDie Bestellung muss schriftlich erteilt werden und das Datum, die Beschreibung der Produkte, die Mengen, den Einheitspreis, den Gesamtbetrag, das Lieferdatum, die Liefer- und Zahlungsbedingungen sowie etwaige weitere besondere Bedingungen angeben. Die Ablehnung der Bestellung muss schriftlich erfolgen und dem Auftraggeber innerhalb von 15 Tagen nach Erhalt der Bestellung mitgeteilt werden. Die Nichtablehnung der Bestellung gem\u00e4\u00df den oben genannten Methoden stellt eine stillschweigende Annahme der Bestellung dar.\n<\/li>\n \t<li>Preis <\/br>\nDer Preis der Produkte entspricht dem zum Zeitpunkt der Bestellung geltenden Listenpreis und wird in der Auftragsbest\u00e4tigung angegeben.\n<\/li>\n \t<li>Zahlung <\/br>\nDie Zahlung der Produkte erfolgt zum F\u00e4lligkeitsdatum der Rechnung, die von Euromega Srl bei Versand der Produkte ausgestellt wird. Jede Rechnung enth\u00e4lt eine Beschreibung der Produkte, den Kundencode und das Lieferdatum. Die gelieferte Ware bleibt Eigentum von Euromega Srl, bis sie vollst\u00e4ndig bezahlt ist. Alle Zahlungen sind direkt an Euromega Srl zu leisten. Das Eigentum an der Ware geht erst nach vollst\u00e4ndiger Bezahlung des in der Verkaufsrechnung angegebenen Gesamtbetrags an den Kunden \u00fcber. Im Falle von Beanstandungen aufgrund mangelhafter Ausf\u00fchrung durch Euromega Srl oder festgestellter M\u00e4ngel oder geringerer Liefermengen seitens des Auftraggebers w\u00e4hrend der \u00dcberpr\u00fcfung zur Annahme wird Euromega Srl nach \u00dcberpr\u00fcfung der Einw\u00e4nde des Auftraggebers eine Gutschrift erstellen. Im Falle von Euromega Srl akzeptierten Beanstandungen kann der entsprechende Betrag von der zu zahlenden Rechnung abgezogen werden.\n<\/li>\n \t<li>Lieferung <\/br>\nEuromega Srl wird ihr Bestes tun, um das Lieferdatum und die im Auftrag angegebenen Mengen einzuhalten. Die Liefertermine sind jedoch nur als Richtwerte zu verstehen und verpflichten Euromega Srl in keiner Weise und begr\u00fcnden keine Haftung f\u00fcr Sch\u00e4den, die vom Auftraggeber aus jeglichem Grund geltend gemacht werden. Sollte ein Fehler oder eine falsche Lieferung von Produkten auf einen Fehler von Euromega Srl zur\u00fcckzuf\u00fchren sein, wird dieses die Lieferung vervollst\u00e4ndigen oder die entsprechenden Ersatzlieferungen so schnell wie m\u00f6glich vornehmen, unter Ber\u00fccksichtigung der eigenen betrieblichen Anforderungen, ohne dass ihm irgendwelche Verantwortlichkeiten f\u00fcr vom Auftraggeber geltend gemachte Sch\u00e4den jeglicher Art angelastet werden k\u00f6nnen.\n<\/li>\n \t<li>Pr\u00fcfung der Produktfehlerhaftigkeit <\/br>\nDer Auftraggeber pr\u00fcft die Integrit\u00e4t der Produkte und ihrer Verpackung innerhalb von maximal 5 Tagen nach Erhalt derselben. Sollte der Auftraggeber feststellen, dass die Produkte oder deren Verpackung M\u00e4ngel oder Defekte aufweisen, muss er Euromega Srl unverz\u00fcglich schriftlich informieren. Produkte, die nach einer \u00dcberpr\u00fcfung durch Euromega Srl beim Auftraggeber festgestellte M\u00e4ngel oder Defekte aufweisen, werden von Euromega Srl repariert oder ersetzt, ohne dass dem Auftraggeber zus\u00e4tzliche Kosten entstehen, innerhalb der gegebenen Garantie, sofern der Transport und die damit verbundenen Verantwortlichkeiten von Euromega Srl \u00fcbernommen werden. Wenn der Transport durch einen vom Auftraggeber benannten Kurier erfolgt, ist dieser f\u00fcr jegliche w\u00e4hrend des Transports entstandenen Sch\u00e4den verantwortlich. Etwaige Verpackungsm\u00e4ngel m\u00fcssen vom vom Auftraggeber benannten Kurier beim Beladen auf dem Frachtdokument gemeldet werden.\n<\/li>\n \t<li>Gew\u00e4hrleistung <\/br>\nEuromega Srl garantiert, dass die Produkte den vereinbarten technischen Spezifikationen entsprechen, und verpflichtet sich, etwaige ihr gemeldete M\u00e4ngel unverz\u00fcglich zu \u00fcberpr\u00fcfen. Im Falle nachgewiesener M\u00e4ngel verpflichtet sich Euromega Srl, die mangelhaften Produkte zu reparieren oder zu ersetzen. F\u00fcr Produkte, die nicht direkt von Euromega Srl hergestellt werden, stellt der Auftraggeber fest, dass die einzige Garantie, die das Produkt abdeckt, die des Herstellers ist. Daher werden mangelhafte Produkte innerhalb der vom Hersteller gew\u00e4hrten Garantiezeit von Euromega Srl repariert oder ersetzt, ohne dass dem Auftraggeber Kosten entstehen, so schnell wie m\u00f6glich. Transport- und Lieferkosten gehen zu Lasten des Auftraggebers. Sollten nach Lieferung der Waren durch den Auftraggeber an den Endbenutzer mangelhafte Produkte festgestellt werden (&#8222;Waren&#8220;), wird Euromega Srl von der Verpflichtung befreit, die in den vorstehenden Abs\u00e4tzen vorgesehenen Garantien zu gew\u00e4hren, wenn festgestellt wird, dass die Mangelhaftigkeit des Produkts durch das Verschulden des Auftraggebers verursacht wurde.\n<\/li>\n \t<li>Vertraulichkeit <\/br>\nJede Partei behandelt als streng vertraulich jede technische oder gesch\u00e4ftliche Information, die sie in irgendeiner Weise im Zusammenhang mit den Aktivit\u00e4ten der anderen Partei erh\u00e4lt. Die Parteien vereinbaren, dass solche vertraulichen Informationen nicht an Dritte weitergegeben werden d\u00fcrfen und dass jede Partei angemessene Ma\u00dfnahmen zum Schutz der Vertraulichkeit dieser vertraulichen Informationen durch ihre F\u00fchrungskr\u00e4fte, Mitarbeiter, Agenten, externen Mitarbeiter und Subunternehmer ergreifen muss. Diese Klausel bleibt f\u00fcr einen Zeitraum von 3 (drei) Jahren nach Beendigung aus welchem Grund auch immer der letzten Bestellung in Kraft.\n<\/li>\n \t<li>Dauer. R\u00fccktritt. Aufl\u00f6sung <\/br>\nDiese Allgemeinen Gesch\u00e4ftsbedingungen bleiben in Kraft, solange die Auswirkungen der letzten Lieferbestellung zwischen den Parteien bestehen, es sei denn, es werden \u00c4nderungen vereinbart, die im Laufe der Lieferungen vorgenommen werden k\u00f6nnen. In \u00dcbereinstimmung mit den oben genannten Bedingungen und unter Vorbehalt aller weiteren Rechte k\u00f6nnen der Auftraggeber und\/oder Euromega Srl diese Allgemeinen Gesch\u00e4ftsbedingungen gem\u00e4\u00df Art. 1456 des B\u00fcrgerlichen Gesetzbuches durch Zusendung eines Einschreibens mit R\u00fcckschein an die Gegenpartei aufl\u00f6sen, in dem erkl\u00e4rt wird, dass von dieser Klausel Gebrauch gemacht wird, mit ausdr\u00fccklicher Angabe der Vertragsverletzungen.\n<\/li>\n \t<li>Verschiedenes <\/br>\nDer Auftraggeber kann seine aus diesen Allgemeinen Gesch\u00e4ftsbedingungen resultierenden Verpflichtungen ganz oder teilweise nur mit vorheriger schriftlicher Zustimmung von Euromega Srl \u00fcbertragen. Diese Allgemeinen Lieferbedingungen ersetzen alle fr\u00fcheren Vereinbarungen, die die Beziehungen zwischen den Parteien geregelt haben. \u00c4nderungen oder Erg\u00e4nzungen dieser Vereinbarung sind nur g\u00fcltig, wenn sie von den Parteien vereinbart und schriftlich festgehalten werden. Die Duldung von Praktiken oder Handelsbr\u00e4uchen durch Euromega Srl, die von den Bestimmungen dieser Allgemeinen Gesch\u00e4ftsbedingungen abweichen, stellt keinen Verzicht auf die durch sie gew\u00e4hrten Rechte dar. Die etwaige Nichtigkeit einer oder mehrerer Bestimmungen dieser Allgemeinen Gesch\u00e4ftsbedingungen beeintr\u00e4chtigt nicht die G\u00fcltigkeit dieser Gesch\u00e4ftsbedingungen insgesamt.\n<\/li>\n \t<li>Wahl des Wohnsitzes <\/br>\nAlle Mitteilungen, die die Parteien im Rahmen dieser Allgemeinen Gesch\u00e4ftsbedingungen austauschen, gelten nur dann als g\u00fcltig und wirksam, wenn sie an die oben angegebenen Adressen versandt oder \u00fcbermittelt werden, an denen die Parteien ihren Wohnsitz w\u00e4hlen. \u00c4nderungen der Adresse m\u00fcssen der Gegenpartei per Einschreiben mit R\u00fcckschein mitgeteilt werden.\n<\/li>\n \t<li>Incoterms <\/br>\nAlle im Text dieser Allgemeinen Gesch\u00e4ftsbedingungen verwendeten Handelsbegriffe und Abk\u00fcrzungen sind gem\u00e4\u00df den Incoterms 2020 oder etwaigen sp\u00e4teren \u00c4nderungen auszulegen.\n<\/li>\n \t<li>Anwendbares Recht und Gerichtsstand <\/br>\nAlles, was nicht ausdr\u00fccklich in diesen Allgemeinen Lieferbedingungen vorgesehen ist, unterliegt dem italienischen Recht. Etwaige Streitigkeiten zwischen den Parteien im Zusammenhang mit diesen Allgemeinen Gesch\u00e4ftsbedingungen bez\u00fcglich ihrer G\u00fcltigkeit, Ausf\u00fchrung, Auslegung oder Frist werden ausschlie\u00dflich dem Gerichtsstand Mailand unterbreitet.\n<\/li>\n<\/ol>\t\t\t\t\t\t\t\t<\/div>\n\t\t\t\t<\/div>\n\t\t\t\t\t<\/div>\n\t\t\t\t<\/div>\n\t\t\t\t<\/div>\n\t\t","protected":false},"excerpt":{"rendered":"<p>Anwendungsbereich Alle Bestellungen, die vom Auftraggeber \u00fcbermittelt werden, unterliegen diesen allgemeinen Lieferbedingungen, unabh\u00e4ngig von abweichenden Bedingungen in ihnen enthalten. Etwaige abweichende Bedingungen in der Bestellung k\u00f6nnen diesen allgemeinen Lieferbedingungen nur mit ausdr\u00fccklicher schriftlicher Zustimmung von Euromega Srl abweichen. Mit der Best\u00e4tigung der Bestellung k\u00f6nnen diese allgemeinen Lieferbedingungen nur mit ausdr\u00fccklicher schriftlicher Vereinbarung der Parteien ge\u00e4ndert [&hellip;]<\/p>\n","protected":false},"author":1,"featured_media":0,"parent":0,"menu_order":0,"comment_status":"closed","ping_status":"closed","template":"page-builder.php","meta":{"footnotes":""},"class_list":["post-4191","page","type-page","status-publish","hentry"],"yoast_head":"<!-- This site is optimized with the Yoast SEO plugin v27.3 - https:\/\/yoast.com\/product\/yoast-seo-wordpress\/ -->\n<title>Allgemeine verkaufs- und lieferbedingungen - EOtechs<\/title>\n<meta name=\"robots\" content=\"index, follow, max-snippet:-1, max-image-preview:large, max-video-preview:-1\" \/>\n<link rel=\"canonical\" href=\"https:\/\/www.eotechs.eu\/de\/allgemeine-verkaufs-und-lieferbedingungen\/\" \/>\n<meta property=\"og:locale\" content=\"de_DE\" \/>\n<meta property=\"og:type\" content=\"article\" \/>\n<meta property=\"og:title\" content=\"Allgemeine verkaufs- und lieferbedingungen - EOtechs\" \/>\n<meta property=\"og:description\" content=\"Anwendungsbereich Alle Bestellungen, die vom Auftraggeber \u00fcbermittelt werden, unterliegen diesen allgemeinen Lieferbedingungen, unabh\u00e4ngig von abweichenden Bedingungen in ihnen enthalten. Etwaige abweichende Bedingungen in der Bestellung k\u00f6nnen diesen allgemeinen Lieferbedingungen nur mit ausdr\u00fccklicher schriftlicher Zustimmung von Euromega Srl abweichen. Mit der Best\u00e4tigung der Bestellung k\u00f6nnen diese allgemeinen Lieferbedingungen nur mit ausdr\u00fccklicher schriftlicher Vereinbarung der Parteien ge\u00e4ndert [&hellip;]\" \/>\n<meta property=\"og:url\" content=\"https:\/\/www.eotechs.eu\/de\/allgemeine-verkaufs-und-lieferbedingungen\/\" \/>\n<meta property=\"og:site_name\" content=\"EOtechs\" \/>\n<meta property=\"article:modified_time\" content=\"2025-05-05T10:21:31+00:00\" \/>\n<meta name=\"twitter:card\" content=\"summary_large_image\" \/>\n<meta name=\"twitter:label1\" content=\"Gesch\u00e4tzte Lesezeit\" \/>\n\t<meta name=\"twitter:data1\" content=\"6\u00a0Minuten\" \/>\n<script type=\"application\/ld+json\" class=\"yoast-schema-graph\">{\"@context\":\"https:\\\/\\\/schema.org\",\"@graph\":[{\"@type\":\"WebPage\",\"@id\":\"https:\\\/\\\/www.eotechs.eu\\\/de\\\/allgemeine-verkaufs-und-lieferbedingungen\\\/\",\"url\":\"https:\\\/\\\/www.eotechs.eu\\\/de\\\/allgemeine-verkaufs-und-lieferbedingungen\\\/\",\"name\":\"Allgemeine verkaufs- und lieferbedingungen - EOtechs\",\"isPartOf\":{\"@id\":\"https:\\\/\\\/www.eotechs.eu\\\/de\\\/#website\"},\"datePublished\":\"2025-05-05T09:40:31+00:00\",\"dateModified\":\"2025-05-05T10:21:31+00:00\",\"breadcrumb\":{\"@id\":\"https:\\\/\\\/www.eotechs.eu\\\/de\\\/allgemeine-verkaufs-und-lieferbedingungen\\\/#breadcrumb\"},\"inLanguage\":\"de\",\"potentialAction\":[{\"@type\":\"ReadAction\",\"target\":[\"https:\\\/\\\/www.eotechs.eu\\\/de\\\/allgemeine-verkaufs-und-lieferbedingungen\\\/\"]}]},{\"@type\":\"BreadcrumbList\",\"@id\":\"https:\\\/\\\/www.eotechs.eu\\\/de\\\/allgemeine-verkaufs-und-lieferbedingungen\\\/#breadcrumb\",\"itemListElement\":[{\"@type\":\"ListItem\",\"position\":1,\"name\":\"Home\",\"item\":\"https:\\\/\\\/www.eotechs.eu\\\/de\\\/\"},{\"@type\":\"ListItem\",\"position\":2,\"name\":\"Allgemeine verkaufs- und lieferbedingungen\"}]},{\"@type\":\"WebSite\",\"@id\":\"https:\\\/\\\/www.eotechs.eu\\\/de\\\/#website\",\"url\":\"https:\\\/\\\/www.eotechs.eu\\\/de\\\/\",\"name\":\"EOtechs\",\"description\":\"Technical products for earth and space\",\"potentialAction\":[{\"@type\":\"SearchAction\",\"target\":{\"@type\":\"EntryPoint\",\"urlTemplate\":\"https:\\\/\\\/www.eotechs.eu\\\/de\\\/?s={search_term_string}\"},\"query-input\":{\"@type\":\"PropertyValueSpecification\",\"valueRequired\":true,\"valueName\":\"search_term_string\"}}],\"inLanguage\":\"de\"}]}<\/script>\n<!-- \/ Yoast SEO plugin. -->","yoast_head_json":{"title":"Allgemeine verkaufs- und lieferbedingungen - EOtechs","robots":{"index":"index","follow":"follow","max-snippet":"max-snippet:-1","max-image-preview":"max-image-preview:large","max-video-preview":"max-video-preview:-1"},"canonical":"https:\/\/www.eotechs.eu\/de\/allgemeine-verkaufs-und-lieferbedingungen\/","og_locale":"de_DE","og_type":"article","og_title":"Allgemeine verkaufs- und lieferbedingungen - EOtechs","og_description":"Anwendungsbereich Alle Bestellungen, die vom Auftraggeber \u00fcbermittelt werden, unterliegen diesen allgemeinen Lieferbedingungen, unabh\u00e4ngig von abweichenden Bedingungen in ihnen enthalten. Etwaige abweichende Bedingungen in der Bestellung k\u00f6nnen diesen allgemeinen Lieferbedingungen nur mit ausdr\u00fccklicher schriftlicher Zustimmung von Euromega Srl abweichen. Mit der Best\u00e4tigung der Bestellung k\u00f6nnen diese allgemeinen Lieferbedingungen nur mit ausdr\u00fccklicher schriftlicher Vereinbarung der Parteien ge\u00e4ndert [&hellip;]","og_url":"https:\/\/www.eotechs.eu\/de\/allgemeine-verkaufs-und-lieferbedingungen\/","og_site_name":"EOtechs","article_modified_time":"2025-05-05T10:21:31+00:00","twitter_card":"summary_large_image","twitter_misc":{"Gesch\u00e4tzte Lesezeit":"6\u00a0Minuten"},"schema":{"@context":"https:\/\/schema.org","@graph":[{"@type":"WebPage","@id":"https:\/\/www.eotechs.eu\/de\/allgemeine-verkaufs-und-lieferbedingungen\/","url":"https:\/\/www.eotechs.eu\/de\/allgemeine-verkaufs-und-lieferbedingungen\/","name":"Allgemeine verkaufs- und lieferbedingungen - EOtechs","isPartOf":{"@id":"https:\/\/www.eotechs.eu\/de\/#website"},"datePublished":"2025-05-05T09:40:31+00:00","dateModified":"2025-05-05T10:21:31+00:00","breadcrumb":{"@id":"https:\/\/www.eotechs.eu\/de\/allgemeine-verkaufs-und-lieferbedingungen\/#breadcrumb"},"inLanguage":"de","potentialAction":[{"@type":"ReadAction","target":["https:\/\/www.eotechs.eu\/de\/allgemeine-verkaufs-und-lieferbedingungen\/"]}]},{"@type":"BreadcrumbList","@id":"https:\/\/www.eotechs.eu\/de\/allgemeine-verkaufs-und-lieferbedingungen\/#breadcrumb","itemListElement":[{"@type":"ListItem","position":1,"name":"Home","item":"https:\/\/www.eotechs.eu\/de\/"},{"@type":"ListItem","position":2,"name":"Allgemeine verkaufs- und lieferbedingungen"}]},{"@type":"WebSite","@id":"https:\/\/www.eotechs.eu\/de\/#website","url":"https:\/\/www.eotechs.eu\/de\/","name":"EOtechs","description":"Technical products for earth and space","potentialAction":[{"@type":"SearchAction","target":{"@type":"EntryPoint","urlTemplate":"https:\/\/www.eotechs.eu\/de\/?s={search_term_string}"},"query-input":{"@type":"PropertyValueSpecification","valueRequired":true,"valueName":"search_term_string"}}],"inLanguage":"de"}]}},"_links":{"self":[{"href":"https:\/\/www.eotechs.eu\/de\/wp-json\/wp\/v2\/pages\/4191","targetHints":{"allow":["GET"]}}],"collection":[{"href":"https:\/\/www.eotechs.eu\/de\/wp-json\/wp\/v2\/pages"}],"about":[{"href":"https:\/\/www.eotechs.eu\/de\/wp-json\/wp\/v2\/types\/page"}],"author":[{"embeddable":true,"href":"https:\/\/www.eotechs.eu\/de\/wp-json\/wp\/v2\/users\/1"}],"replies":[{"embeddable":true,"href":"https:\/\/www.eotechs.eu\/de\/wp-json\/wp\/v2\/comments?post=4191"}],"version-history":[{"count":6,"href":"https:\/\/www.eotechs.eu\/de\/wp-json\/wp\/v2\/pages\/4191\/revisions"}],"predecessor-version":[{"id":4198,"href":"https:\/\/www.eotechs.eu\/de\/wp-json\/wp\/v2\/pages\/4191\/revisions\/4198"}],"wp:attachment":[{"href":"https:\/\/www.eotechs.eu\/de\/wp-json\/wp\/v2\/media?parent=4191"}],"curies":[{"name":"wp","href":"https:\/\/api.w.org\/{rel}","templated":true}]}}